{"id":313,"date":"2025-12-09T17:31:56","date_gmt":"2025-12-09T17:31:56","guid":{"rendered":"https:\/\/www.ozcancounselling.com\/impressum\/"},"modified":"2025-12-15T14:53:04","modified_gmt":"2025-12-15T14:53:04","slug":"impressum","status":"publish","type":"page","link":"https:\/\/www.ozcancounselling.com\/de\/impressum\/","title":{"rendered":"Impressum"},"content":{"rendered":"<p>[et_pb_section fb_built=&#8220;1&#8243; admin_label=&#8220;Legal&#8220; module_id=&#8220;legal&#8220; _builder_version=&#8220;4.27.5&#8243; _module_preset=&#8220;default&#8220; background_color=&#8220;RGBA(255,255,255,0)&#8220; collapsed=&#8220;off&#8220; global_colors_info=&#8220;{}&#8220; theme_builder_area=&#8220;post_content&#8220;][et_pb_row _builder_version=&#8220;4.27.4&#8243; _module_preset=&#8220;default&#8220; background_color=&#8220;#FFFFFF&#8220; custom_padding=&#8220;25px|25px|0px|25px|false|false&#8220; border_radii=&#8220;off|10px|10px||&#8220; global_colors_info=&#8220;{}&#8220; theme_builder_area=&#8220;post_content&#8220;][et_pb_column type=&#8220;4_4&#8243; _builder_version=&#8220;4.25.1&#8243; _module_preset=&#8220;default&#8220; global_colors_info=&#8220;{}&#8220; theme_builder_area=&#8220;post_content&#8220;][et_pb_heading title=&#8220;Impressum&#8220; _builder_version=&#8220;4.27.5&#8243; _module_preset=&#8220;dc594aa3-d3c0-49fb-a463-e8e08e98a12f&#8220; title_font=&#8220;&#8211;et_global_heading_font||||||||&#8220; title_text_align=&#8220;center&#8220; title_text_color=&#8220;gcid-fa3e187d-20a7-4c5a-962d-49a38117a4cc&#8220; hover_enabled=&#8220;0&#8243; global_colors_info=&#8220;{%22gcid-fa3e187d-20a7-4c5a-962d-49a38117a4cc%22:%91%22title_text_color%22%93}&#8220; theme_builder_area=&#8220;post_content&#8220; sticky_enabled=&#8220;0&#8243;][\/et_pb_heading][\/et_pb_column][\/et_pb_row][et_pb_row _builder_version=&#8220;4.27.4&#8243; _module_preset=&#8220;default&#8220; background_color=&#8220;#FFFFFF&#8220; custom_padding=&#8220;0px|25px|25px|25px|false|false&#8220; global_colors_info=&#8220;{}&#8220; theme_builder_area=&#8220;post_content&#8220;][et_pb_column type=&#8220;4_4&#8243; _builder_version=&#8220;4.25.1&#8243; _module_preset=&#8220;default&#8220; global_colors_info=&#8220;{}&#8220; theme_builder_area=&#8220;post_content&#8220;][et_pb_text _builder_version=&#8220;4.27.5&#8243; _module_preset=&#8220;f7067886-788d-4bf2-bb55-94c6292930d2&#8243; header_3_font=&#8220;&#8211;et_global_body_font||||||||&#8220; header_3_font_size=&#8220;28px&#8220; header_3_line_height=&#8220;1.6em&#8220; hover_enabled=&#8220;0&#8243; global_colors_info=&#8220;{}&#8220; theme_builder_area=&#8220;post_content&#8220; admin_label=&#8220;Text&#8220; sticky_enabled=&#8220;0&#8243;]<\/p>\n\n<!-- Legal document generated by Complianz | GDPR\/CCPA Cookie Consent https:\/\/wordpress.org\/plugins\/complianz-gdpr -->\n<div id=\"cmplz-document\" class=\"cmplz-document impressum cmplz-document-all\"><p><i>Dieses Impressum wurde zuletzt am 12. Januar 2026 aktualisiert.<\/i><\/p><p class=\"cmplz-subtitle\">Der Eigent\u00fcmer dieser Website ist:<\/p><p>Dr Ozgul Ozcan, PsychD (UK) <br>Berliner Allee 23<br \/>\nD-40212 D\u00fcsseldorf<br>Deutschland<br>E-Mail:&nbsp;<span class=\"cmplz-obfuscate\">in&#102;o@<span class=\"cmplz-fmail-domain\">e&#120;.&#099;&#111;&#109;<\/span>ozcan&#099;&#111;un&#115;e&#108;l&#105;&#110;&#103;.c&#111;&#109;<\/span><br>Telefonnummer: -<br><\/p><p class=\"cmplz-subtitle\">Der\/die gesetzliche(n) Vertreter von Dr Ozgul Ozcan, PsychD (UK) :<\/p><p>Dr Ozgul Ozcan, PsychD (UK)<\/p><h2>1. Allgemein<\/h2><p>Wir sind nicht bereit oder verpflichtet, an Streitbeilegungsverfahren vor einer Verbraucherschlichtungsstelle teilzunehmen.<\/p><\/div>\n<p>[\/et_pb_text][\/et_pb_column][\/et_pb_row][\/et_pb_section][et_pb_section fb_built=&#8220;1&#8243; admin_label=&#8220;Contact&#8220; module_id=&#8220;kontakt&#8220; _builder_version=&#8220;4.27.5&#8243; _module_preset=&#8220;default&#8220; background_color=&#8220;RGBA(255,255,255,0)&#8220; saved_tabs=&#8220;all&#8220; collapsed=&#8220;off&#8220; global_colors_info=&#8220;{}&#8220; global_module=&#8220;307&#8243; theme_builder_area=&#8220;post_content&#8220;][et_pb_row column_structure=&#8220;1_2,1_2&#8243; _builder_version=&#8220;4.27.5&#8243; _module_preset=&#8220;default&#8220; background_color=&#8220;#FFFFFF&#8220; width=&#8220;90%&#8220; custom_padding=&#8220;25px|25px|25px|25px|false|false&#8220; border_radii=&#8220;on|10px|10px|10px|10px&#8220; global_colors_info=&#8220;{}&#8220; theme_builder_area=&#8220;post_content&#8220;][et_pb_column type=&#8220;1_2&#8243; _builder_version=&#8220;4.25.1&#8243; _module_preset=&#8220;default&#8220; global_colors_info=&#8220;{}&#8220; theme_builder_area=&#8220;post_content&#8220;][et_pb_heading title=&#8220;Dr. Ozgul Ozcan, PsychD (UK)&#8220; _builder_version=&#8220;4.27.5&#8243; _module_preset=&#8220;dc594aa3-d3c0-49fb-a463-e8e08e98a12f&#8220; title_font=&#8220;&#8211;et_global_heading_font||||||||&#8220; title_font_size=&#8220;32px&#8220; global_colors_info=&#8220;{}&#8220; theme_builder_area=&#8220;post_content&#8220;][\/et_pb_heading][et_pb_text _builder_version=&#8220;4.27.5&#8243; _module_preset=&#8220;58ea3870-2ea6-4c85-b79f-ce2d09dbf6a4&#8243; global_colors_info=&#8220;{}&#8220; theme_builder_area=&#8220;post_content&#8220;]<\/p>\n<p>Bitte nutzen Sie das Kontaktformular, um mir eine Nachricht zu senden. Ich werde Ihre E-Mail innerhalb von 48 Stunden beantworten, von Montag bis Freitag.<\/p>\n<p>[\/et_pb_text][et_pb_contact_form email=&#8220;info@ozcancounselling.com&#8220; title=&#8220;Kontaktformular&#8220; success_message=&#8220;Vielen Dank. Ich melde mich in K\u00fcrze bei Ihnen.&#8220; submit_button_text=&#8220;Senden&#8220; _builder_version=&#8220;4.27.5&#8243; _module_preset=&#8220;default&#8220; _unique_id=&#8220;fe090c15-e066-4ff1-85d6-13089bf49bc3&#8243; title_level=&#8220;h3&#8243; title_font_size=&#8220;28px&#8220; custom_padding=&#8220;||0px|||&#8220; title_font_size_tablet=&#8220;&#8220; title_font_size_phone=&#8220;18px&#8220; title_font_size_last_edited=&#8220;on|phone&#8220; global_colors_info=&#8220;{}&#8220; theme_builder_area=&#8220;post_content&#8220;][et_pb_contact_field field_id=&#8220;Name&#8220; field_title=&#8220;Name&#8220; _builder_version=&#8220;4.27.5&#8243; global_colors_info=&#8220;{}&#8220; button_text_size__hover_enabled=&#8220;off&#8220; button_one_text_size__hover_enabled=&#8220;off&#8220; button_two_text_size__hover_enabled=&#8220;off&#8220; button_text_color__hover_enabled=&#8220;off&#8220; button_one_text_color__hover_enabled=&#8220;off&#8220; button_two_text_color__hover_enabled=&#8220;off&#8220; button_border_width__hover_enabled=&#8220;off&#8220; button_one_border_width__hover_enabled=&#8220;off&#8220; button_two_border_width__hover_enabled=&#8220;off&#8220; button_border_color__hover_enabled=&#8220;off&#8220; button_one_border_color__hover_enabled=&#8220;off&#8220; button_two_border_color__hover_enabled=&#8220;off&#8220; button_border_radius__hover_enabled=&#8220;off&#8220; button_one_border_radius__hover_enabled=&#8220;off&#8220; button_two_border_radius__hover_enabled=&#8220;off&#8220; button_letter_spacing__hover_enabled=&#8220;off&#8220; button_one_letter_spacing__hover_enabled=&#8220;off&#8220; button_two_letter_spacing__hover_enabled=&#8220;off&#8220; button_bg_color__hover_enabled=&#8220;off&#8220; button_one_bg_color__hover_enabled=&#8220;off&#8220; button_two_bg_color__hover_enabled=&#8220;off&#8220; theme_builder_area=&#8220;post_content&#8220;][\/et_pb_contact_field][et_pb_contact_field field_id=&#8220;Email&#8220; field_title=&#8220;E-Mail-Adresse&#8220; field_type=&#8220;email&#8220; _builder_version=&#8220;4.27.5&#8243; global_colors_info=&#8220;{}&#8220; button_text_size__hover_enabled=&#8220;off&#8220; button_one_text_size__hover_enabled=&#8220;off&#8220; button_two_text_size__hover_enabled=&#8220;off&#8220; button_text_color__hover_enabled=&#8220;off&#8220; button_one_text_color__hover_enabled=&#8220;off&#8220; button_two_text_color__hover_enabled=&#8220;off&#8220; button_border_width__hover_enabled=&#8220;off&#8220; button_one_border_width__hover_enabled=&#8220;off&#8220; button_two_border_width__hover_enabled=&#8220;off&#8220; button_border_color__hover_enabled=&#8220;off&#8220; button_one_border_color__hover_enabled=&#8220;off&#8220; button_two_border_color__hover_enabled=&#8220;off&#8220; button_border_radius__hover_enabled=&#8220;off&#8220; button_one_border_radius__hover_enabled=&#8220;off&#8220; button_two_border_radius__hover_enabled=&#8220;off&#8220; button_letter_spacing__hover_enabled=&#8220;off&#8220; button_one_letter_spacing__hover_enabled=&#8220;off&#8220; button_two_letter_spacing__hover_enabled=&#8220;off&#8220; button_bg_color__hover_enabled=&#8220;off&#8220; button_one_bg_color__hover_enabled=&#8220;off&#8220; button_two_bg_color__hover_enabled=&#8220;off&#8220; theme_builder_area=&#8220;post_content&#8220;][\/et_pb_contact_field][et_pb_contact_field field_id=&#8220;Message&#8220; field_title=&#8220;Nachricht&#8220; field_type=&#8220;text&#8220; fullwidth_field=&#8220;on&#8220; _builder_version=&#8220;4.16&#8243; global_colors_info=&#8220;{}&#8220; button_text_size__hover_enabled=&#8220;off&#8220; button_one_text_size__hover_enabled=&#8220;off&#8220; button_two_text_size__hover_enabled=&#8220;off&#8220; button_text_color__hover_enabled=&#8220;off&#8220; button_one_text_color__hover_enabled=&#8220;off&#8220; button_two_text_color__hover_enabled=&#8220;off&#8220; button_border_width__hover_enabled=&#8220;off&#8220; button_one_border_width__hover_enabled=&#8220;off&#8220; button_two_border_width__hover_enabled=&#8220;off&#8220; button_border_color__hover_enabled=&#8220;off&#8220; button_one_border_color__hover_enabled=&#8220;off&#8220; button_two_border_color__hover_enabled=&#8220;off&#8220; button_border_radius__hover_enabled=&#8220;off&#8220; button_one_border_radius__hover_enabled=&#8220;off&#8220; button_two_border_radius__hover_enabled=&#8220;off&#8220; button_letter_spacing__hover_enabled=&#8220;off&#8220; button_one_letter_spacing__hover_enabled=&#8220;off&#8220; button_two_letter_spacing__hover_enabled=&#8220;off&#8220; button_bg_color__hover_enabled=&#8220;off&#8220; button_one_bg_color__hover_enabled=&#8220;off&#8220; button_two_bg_color__hover_enabled=&#8220;off&#8220; theme_builder_area=&#8220;post_content&#8220;][\/et_pb_contact_field][\/et_pb_contact_form][\/et_pb_column][et_pb_column type=&#8220;1_2&#8243; _builder_version=&#8220;4.25.1&#8243; _module_preset=&#8220;default&#8220; global_colors_info=&#8220;{}&#8220; theme_builder_area=&#8220;post_content&#8220;][et_pb_heading title=&#8220;B\u00fcro f\u00fcr pers\u00f6nliche Gespr\u00e4che&#8220; _builder_version=&#8220;4.27.5&#8243; _module_preset=&#8220;36dc44a7-7b63-4456-a620-000ecc864816&#8243; title_level=&#8220;h4&#8243; title_font=&#8220;&#8211;et_global_heading_font|&#8211;et_global_heading_font_weight|||||||&#8220; title_text_color=&#8220;#014D4E&#8220; title_font_size=&#8220;28px&#8220; custom_margin=&#8220;||0px||false|false&#8220; title_font_size_tablet=&#8220;28px&#8220; title_font_size_phone=&#8220;18px&#8220; global_colors_info=&#8220;{}&#8220; theme_builder_area=&#8220;post_content&#8220;][\/et_pb_heading][et_pb_text _builder_version=&#8220;4.27.5&#8243; _module_preset=&#8220;58ea3870-2ea6-4c85-b79f-ce2d09dbf6a4&#8243; global_colors_info=&#8220;{}&#8220; theme_builder_area=&#8220;post_content&#8220;]<\/p>\n<p><span>Berliner Allee 23<\/span><span><br \/><\/span><span>D-40212 D\u00fcsseldorf<br \/>Deutschland<\/span><\/p>\n<p>[\/et_pb_text][et_pb_heading title=&#8220;Telefonnummer&#8220; disabled_on=&#8220;on|on|on&#8220; _builder_version=&#8220;4.27.5&#8243; _module_preset=&#8220;36dc44a7-7b63-4456-a620-000ecc864816&#8243; title_level=&#8220;h4&#8243; title_font=&#8220;&#8211;et_global_heading_font|&#8211;et_global_heading_font_weight|||||||&#8220; title_text_color=&#8220;#014D4E&#8220; title_font_size=&#8220;28px&#8220; custom_margin=&#8220;||0px||false|false&#8220; title_font_size_tablet=&#8220;28px&#8220; title_font_size_phone=&#8220;18px&#8220; disabled=&#8220;on&#8220; global_colors_info=&#8220;{}&#8220; theme_builder_area=&#8220;post_content&#8220;][\/et_pb_heading][et_pb_text disabled_on=&#8220;on|on|on&#8220; _builder_version=&#8220;4.27.5&#8243; _module_preset=&#8220;58ea3870-2ea6-4c85-b79f-ce2d09dbf6a4&#8243; disabled=&#8220;on&#8220; global_colors_info=&#8220;{}&#8220; theme_builder_area=&#8220;post_content&#8220;]<\/p>\n<p>(255) 352-6258<\/p>\n<p>[\/et_pb_text][et_pb_heading title=&#8220;E-Mail&#8220; _builder_version=&#8220;4.27.5&#8243; _module_preset=&#8220;36dc44a7-7b63-4456-a620-000ecc864816&#8243; title_level=&#8220;h4&#8243; title_font=&#8220;&#8211;et_global_heading_font|&#8211;et_global_heading_font_weight|||||||&#8220; title_font_size=&#8220;28px&#8220; custom_margin=&#8220;||0px||false|false&#8220; title_font_size_tablet=&#8220;28px&#8220; title_font_size_phone=&#8220;18px&#8220; global_colors_info=&#8220;{}&#8220; theme_builder_area=&#8220;post_content&#8220;][\/et_pb_heading][et_pb_text _builder_version=&#8220;4.27.5&#8243; _module_preset=&#8220;58ea3870-2ea6-4c85-b79f-ce2d09dbf6a4&#8243; link_text_color=&#8220;#000000&#8243; global_colors_info=&#8220;{%22gcid-bcc99e3b-722a-4dba-85e5-49c6d1592562%22:%91%22quote_border_color%22,%22quote_border_color%22,%22quote_border_color%22,%22quote_border_color%22,%22quote_border_color%22,%22quote_border_color%22%93,%22gcid-fa3e187d-20a7-4c5a-962d-49a38117a4cc%22:%91%22quote_text_color%22,%22quote_text_color%22,%22quote_text_color%22,%22quote_text_color%22,%22quote_text_color%22,%22quote_text_color%22%93}&#8220; theme_builder_area=&#8220;post_content&#8220;]<\/p>\n<p><a href=\"mailto:info@ozcancounselling.com\">info@ozcancounselling.com<\/a><\/p>\n<p>[\/et_pb_text][\/et_pb_column][\/et_pb_row][\/et_pb_section]<\/p>\n","protected":false},"excerpt":{"rendered":"<p>\n<!-- Legal document generated by Complianz | GDPR\/CCPA Cookie Consent https:\/\/wordpress.org\/plugins\/complianz-gdpr -->\n<div id=\"cmplz-document\" class=\"cmplz-document impressum cmplz-document-all\"><p><i>Dieses Impressum wurde zuletzt am 12. Januar 2026 aktualisiert.<\/i><\/p><p class=\"cmplz-subtitle\">Der Eigent\u00fcmer dieser Website ist:<\/p><p>Dr Ozgul Ozcan, PsychD (UK) <br>Berliner Allee 23<br \/>\nD-40212 D\u00fcsseldorf<br>Deutschland<br>E-Mail:&nbsp;<span class=\"cmplz-obfuscate\">&#105;&#110;&#102;o@<span class=\"cmplz-fmail-domain\">e&#120;&#046;&#099;o&#109;<\/span>&#111;zcan&#099;oun&#115;ell&#105;ng&#046;&#099;&#111;&#109;<\/span><br>Telefonnummer: -<br><\/p><p class=\"cmplz-subtitle\">Der\/die gesetzliche(n) Vertreter von Dr Ozgul Ozcan, PsychD (UK) :<\/p><p>Dr Ozgul Ozcan, PsychD (UK)<\/p><h2>1. Allgemein<\/h2><p>Wir sind nicht bereit oder verpflichtet, an Streitbeilegungsverfahren vor einer Verbraucherschlichtungsstelle teilzunehmen.<\/p><\/div>Bitte nutzen Sie das Kontaktformular, um mir eine Nachricht zu senden. Ich werde Ihre E-Mail innerhalb von 48 Stunden beantworten, von Montag bis Freitag.Berliner Allee 23D-40212 D\u00fcsseldorfDeutschland(255) 352-6258info@ozcancounselling.com<\/p>\n","protected":false},"author":1,"featured_media":0,"parent":0,"menu_order":10400,"comment_status":"closed","ping_status":"closed","template":"","meta":{"_et_pb_use_builder":"on","_et_pb_old_content":"","_et_gb_content_width":"","footnotes":""},"class_list":["post-313","page","type-page","status-publish","hentry"],"_links":{"self":[{"href":"https:\/\/www.ozcancounselling.com\/de\/wp-json\/wp\/v2\/pages\/313","targetHints":{"allow":["GET"]}}],"collection":[{"href":"https:\/\/www.ozcancounselling.com\/de\/wp-json\/wp\/v2\/pages"}],"about":[{"href":"https:\/\/www.ozcancounselling.com\/de\/wp-json\/wp\/v2\/types\/page"}],"author":[{"embeddable":true,"href":"https:\/\/www.ozcancounselling.com\/de\/wp-json\/wp\/v2\/users\/1"}],"replies":[{"embeddable":true,"href":"https:\/\/www.ozcancounselling.com\/de\/wp-json\/wp\/v2\/comments?post=313"}],"version-history":[{"count":0,"href":"https:\/\/www.ozcancounselling.com\/de\/wp-json\/wp\/v2\/pages\/313\/revisions"}],"wp:attachment":[{"href":"https:\/\/www.ozcancounselling.com\/de\/wp-json\/wp\/v2\/media?parent=313"}],"curies":[{"name":"wp","href":"https:\/\/api.w.org\/{rel}","templated":true}]}}