{"id":432,"date":"2025-12-09T17:32:10","date_gmt":"2025-12-09T17:32:10","guid":{"rendered":"https:\/\/www.ozcancounselling.com\/yasal-uyari\/"},"modified":"2025-12-18T13:56:34","modified_gmt":"2025-12-18T13:56:34","slug":"yasal-uyari","status":"publish","type":"page","link":"https:\/\/www.ozcancounselling.com\/tr\/yasal-uyari\/","title":{"rendered":"Yasal Uyar\u0131"},"content":{"rendered":"\n[et_pb_section fb_built=&#8221;1&#8243; admin_label=&#8221;The Practice&#8221; module_id=&#8221;uygulama&#8221; _builder_version=&#8221;4.27.4&#8243; _module_preset=&#8221;default&#8221; background_color=&#8221;RGBA(255,255,255,0)&#8221; collapsed=&#8221;off&#8221; global_colors_info=&#8221;{}&#8221;][et_pb_row _builder_version=&#8221;4.27.4&#8243; _module_preset=&#8221;default&#8221; background_color=&#8221;#FFFFFF&#8221; custom_padding=&#8221;25px|25px|0px|25px|false|false&#8221; border_radii=&#8221;off|10px|10px||&#8221; global_colors_info=&#8221;{}&#8221;][et_pb_column type=&#8221;4_4&#8243; _builder_version=&#8221;4.25.1&#8243; _module_preset=&#8221;default&#8221; global_colors_info=&#8221;{}&#8221;][et_pb_heading title=&#8221;Yasal Uyar\u0131&#8221; _builder_version=&#8221;4.27.4&#8243; _module_preset=&#8221;dc594aa3-d3c0-49fb-a463-e8e08e98a12f&#8221; title_font=&#8221;&#8211;et_global_heading_font||||||||&#8221; title_text_align=&#8221;center&#8221; title_text_color=&#8221;gcid-fa3e187d-20a7-4c5a-962d-49a38117a4cc&#8221; global_colors_info=&#8221;{%22gcid-fa3e187d-20a7-4c5a-962d-49a38117a4cc%22:%91%22title_text_color%22%93}&#8221;][\/et_pb_heading][\/et_pb_column][\/et_pb_row][et_pb_row _builder_version=&#8221;4.27.4&#8243; _module_preset=&#8221;default&#8221; background_color=&#8221;#FFFFFF&#8221; custom_padding=&#8221;0px|25px|25px|25px|false|false&#8221; global_colors_info=&#8221;{}&#8221;][et_pb_column type=&#8221;4_4&#8243; _builder_version=&#8221;4.25.1&#8243; _module_preset=&#8221;default&#8221; global_colors_info=&#8221;{}&#8221;][et_pb_text _builder_version=&#8221;4.27.5&#8243; _module_preset=&#8221;f7067886-788d-4bf2-bb55-94c6292930d2&#8243; header_3_font=&#8221;&#8211;et_global_body_font||||||||&#8221; header_3_font_size=&#8221;28px&#8221; header_3_line_height=&#8221;1.6em&#8221; hover_enabled=&#8221;0&#8243; global_colors_info=&#8221;{}&#8221; sticky_enabled=&#8221;0&#8243;]\n<!-- Legal document generated by Complianz | GDPR\/CCPA Cookie Consent https:\/\/wordpress.org\/plugins\/complianz-gdpr -->\n<div id=\"cmplz-document\" class=\"cmplz-document disclaimer cmplz-document-all\"><p>Dr Ozgul Ozcan, PsychD (UK), bu web sitesini g\u00fcncel ve do\u011fru tutmay\u0131 taahh\u00fct eder. Yine de yanl\u0131\u015f veya g\u00fcncel olmayan bir \u015feyle kar\u015f\u0131la\u015f\u0131rsan\u0131z, bize bildirirseniz memnun oluruz. L\u00fctfen web sitesinde bilgileri nerede okudu\u011funuzu belirtin. Daha sonra buna en k\u0131sa zamanda bakaca\u011f\u0131z. L\u00fctfen yan\u0131t\u0131n\u0131z\u0131 e-posta ile \u015fu adrese g\u00f6nderin: <span class=\"cmplz-obfuscate\">inf&#111;@<span class=\"cmplz-fmail-domain\">&#101;&#120;&#046;com<\/span>&#111;&#122;&#099;a&#110;&#099;&#111;u&#110;s&#101;&#108;&#108;&#105;ng.&#099;&#111;&#109;<\/span>.<\/p><p>Yanl\u0131\u015fl\u0131klar\u0131n veya eksikli\u011fin bir sonucu olarak kay\u0131ptan veya kesintiler veya kesintiler gibi bilgilerin internet yoluyla yay\u0131lmas\u0131ndan kaynaklanan veya bunun do\u011fas\u0131nda var olan sorunlardan kaynaklanan kay\u0131plardan sorumlu de\u011filiz. Web formlar\u0131n\u0131 kullan\u0131rken, gerekli alan say\u0131s\u0131n\u0131 en aza indirmeye \u00e7al\u0131\u015f\u0131yoruz. Dr Ozgul Ozcan, PsychD (UK) taraf\u0131ndan veya bu web sitesi arac\u0131l\u0131\u011f\u0131yla sa\u011flanan veri, \u00f6neri veya fikirlerin kullan\u0131m\u0131ndan kaynaklanan herhangi bir kay\u0131p i\u00e7in, Dr Ozgul Ozcan, PsychD (UK) herhangi bir sorumluluk kabul etmez.<\/p><p>E-postayla veya web formu kullanarak g\u00f6nderilen yan\u0131tlar ve gizlilik sorular\u0131, mektuplarla ayn\u0131 \u015fekilde ele al\u0131nacakt\u0131r. Bu, en ge\u00e7 1 ay i\u00e7inde bizden bir yan\u0131t bekledi\u011finiz anlam\u0131na gelir. Karma\u015f\u0131k talepler olmas\u0131 durumunda, en fazla 3 aya ihtiyac\u0131m\u0131z olursa 1 ay i\u00e7inde size bildirece\u011fiz.<\/p><p>Yan\u0131t\u0131n\u0131z veya bilgi talebiniz ba\u011flam\u0131nda bize sa\u011flad\u0131\u011f\u0131n\u0131z ki\u015fisel veriler yaln\u0131zca gizlilik bildirimimize uygun olarak kullan\u0131lacakt\u0131r.<\/p><p>sistemlerini her t\u00fcrl\u00fc yasa d\u0131\u015f\u0131 kullan\u0131ma kar\u015f\u0131 korumak i\u00e7in her t\u00fcrl\u00fc makul \u00e7abay\u0131 g\u00f6sterecektir. s bu ama\u00e7la, di\u011fer hususlar\u0131n yan\u0131 s\u0131ra teknolojinin geldi\u011fi noktay\u0131 da dikkate alarak, uygun teknik ve organizasyonel \u00f6nlemleri alacakt\u0131r. Ancak, sistemlerinin \u00fc\u00e7\u00fcnc\u00fc bir taraf\u00e7a yasad\u0131\u015f\u0131 kullan\u0131m\u0131 sonucunda web sitesinin bir kullan\u0131c\u0131s\u0131 taraf\u0131ndan u\u011fran\u0131lan do\u011frudan ve\/veya dolayl\u0131 herhangi bir zarardan sorumlu olmayacakt\u0131r.<\/p><p>Dr Ozgul Ozcan, PsychD (UK), hiperlink veya ba\u015fka bir referans\u0131n yap\u0131ld\u0131\u011f\u0131 veya g\u00f6nderildi\u011fi web sitelerinin i\u00e7eri\u011fi i\u00e7in hi\u00e7bir sorumluluk kabul etmez. \u00dc\u00e7\u00fcnc\u00fc taraflarca sunulan \u00fcr\u00fcn veya hizmetler, bu \u00fc\u00e7\u00fcnc\u00fc taraflar\u0131n ge\u00e7erli h\u00fck\u00fcm ve ko\u015fullar\u0131na tabidir.<\/p><p>Bu web sitesindeki i\u00e7eri\u011fe ili\u015fkin t\u00fcm fikri m\u00fclkiyet haklar\u0131 Dr Ozgul Ozcan, PsychD (UK)'ye veya i\u00e7eri\u011fi kendileri yerle\u015ftiren veya Dr Ozgul Ozcan, PsychD (UK)'nin kullan\u0131c\u0131 lisans\u0131 ald\u0131\u011f\u0131 \u00fc\u00e7\u00fcnc\u00fc taraflara aittir.<\/p><p>Bu materyallerin kopyalanmas\u0131na, yay\u0131lmas\u0131na ve ba\u015fka herhangi bir \u015fekilde kullan\u0131lmas\u0131na izin verilmez, ancak belirli i\u00e7erik aksini belirtmedik\u00e7e zorunlu yasa d\u00fczenlemelerinde (al\u0131nt\u0131 yapma hakk\u0131 gibi) aksi belirtilmedik\u00e7e ve Dr Ozgul Ozcan, PsychD (UK) yaz\u0131l\u0131 izni olmadan izin verilmez.<\/p><p>Web sitesinin eri\u015filebilirli\u011fi ile ilgili herhangi bir sorunuz veya sorununuz varsa, l\u00fctfen bizimle ileti\u015fime ge\u00e7mekten \u00e7ekinmeyin.<\/p><\/div>[\/et_pb_text][\/et_pb_column][\/et_pb_row][\/et_pb_section][et_pb_section fb_built=&#8221;1&#8243; admin_label=&#8221;Contact&#8221; module_id=&#8221;ileti\u015fim&#8221; _builder_version=&#8221;4.27.4&#8243; _module_preset=&#8221;default&#8221; background_color=&#8221;RGBA(255,255,255,0)&#8221; global_module=&#8221;180&#8243; saved_tabs=&#8221;all&#8221; collapsed=&#8221;off&#8221; global_colors_info=&#8221;{}&#8221;][et_pb_row column_structure=&#8221;1_2,1_2&#8243; _builder_version=&#8221;4.27.4&#8243; _module_preset=&#8221;default&#8221; background_color=&#8221;#FFFFFF&#8221; custom_padding=&#8221;25px|25px|25px|25px|false|false&#8221; border_radii=&#8221;on|10px|10px|10px|10px&#8221; global_colors_info=&#8221;{}&#8221;][et_pb_column type=&#8221;1_2&#8243; _builder_version=&#8221;4.25.1&#8243; _module_preset=&#8221;default&#8221; global_colors_info=&#8221;{}&#8221;][et_pb_heading title=&#8221;Dr. \u00d6zg\u00fcl \u00d6zcan, PsychD (UK)&#8221; _builder_version=&#8221;4.27.4&#8243; _module_preset=&#8221;dc594aa3-d3c0-49fb-a463-e8e08e98a12f&#8221; title_font=&#8221;&#8211;et_global_heading_font||||||||&#8221; title_font_size=&#8221;32px&#8221; global_colors_info=&#8221;{}&#8221;][\/et_pb_heading][et_pb_text _builder_version=&#8221;4.25.1&#8243; _module_preset=&#8221;58ea3870-2ea6-4c85-b79f-ce2d09dbf6a4&#8243; global_colors_info=&#8221;{}&#8221;]<p><span>L\u00fctfen bana mesaj g\u00f6ndermek i\u00e7in ileti\u015fim formunu kullan\u0131n\u0131z, 48 saat i\u00e7inde e-postan\u0131za geri d\u00f6n\u00fc\u015f yapaca\u011f\u0131m. <\/span><\/p>[\/et_pb_text][et_pb_heading title=&#8221;Benimle ileti\u015fime ge\u00e7in&#8221; _builder_version=&#8221;4.27.4&#8243; _module_preset=&#8221;e387f7d5-4a93-41ef-bbcc-3aca9f7903bd&#8221; title_font=&#8221;&#8211;et_global_heading_font|700||on|||||&#8221; title_text_color=&#8221;gcid-fa3e187d-20a7-4c5a-962d-49a38117a4cc&#8221; custom_padding=&#8221;||0px|||&#8221; locked=&#8221;off&#8221; global_colors_info=&#8221;{%22gcid-fa3e187d-20a7-4c5a-962d-49a38117a4cc%22:%91%22title_text_color%22%93}&#8221;][\/et_pb_heading][et_pb_contact_form _builder_version=&#8221;4.27.4&#8243; _module_preset=&#8221;default&#8221; _unique_id=&#8221;fe090c15-e066-4ff1-85d6-13089bf49bc3&#8243; custom_padding=&#8221;||0px|||&#8221; global_colors_info=&#8221;{}&#8221;][et_pb_contact_field field_id=&#8221;Name&#8221; field_title=&#8221;Ad&#8221; _builder_version=&#8221;4.16&#8243; global_colors_info=&#8221;{}&#8221; button_text_size__hover_enabled=&#8221;off&#8221; button_one_text_size__hover_enabled=&#8221;off&#8221; button_two_text_size__hover_enabled=&#8221;off&#8221; button_text_color__hover_enabled=&#8221;off&#8221; button_one_text_color__hover_enabled=&#8221;off&#8221; button_two_text_color__hover_enabled=&#8221;off&#8221; button_border_width__hover_enabled=&#8221;off&#8221; button_one_border_width__hover_enabled=&#8221;off&#8221; button_two_border_width__hover_enabled=&#8221;off&#8221; button_border_color__hover_enabled=&#8221;off&#8221; button_one_border_color__hover_enabled=&#8221;off&#8221; button_two_border_color__hover_enabled=&#8221;off&#8221; button_border_radius__hover_enabled=&#8221;off&#8221; button_one_border_radius__hover_enabled=&#8221;off&#8221; button_two_border_radius__hover_enabled=&#8221;off&#8221; button_letter_spacing__hover_enabled=&#8221;off&#8221; button_one_letter_spacing__hover_enabled=&#8221;off&#8221; button_two_letter_spacing__hover_enabled=&#8221;off&#8221; button_bg_color__hover_enabled=&#8221;off&#8221; button_one_bg_color__hover_enabled=&#8221;off&#8221; button_two_bg_color__hover_enabled=&#8221;off&#8221;][\/et_pb_contact_field][et_pb_contact_field field_id=&#8221;Email&#8221; field_title=&#8221;E-posta Adresi&#8221; field_type=&#8221;email&#8221; _builder_version=&#8221;4.16&#8243; global_colors_info=&#8221;{}&#8221; button_text_size__hover_enabled=&#8221;off&#8221; button_one_text_size__hover_enabled=&#8221;off&#8221; button_two_text_size__hover_enabled=&#8221;off&#8221; button_text_color__hover_enabled=&#8221;off&#8221; button_one_text_color__hover_enabled=&#8221;off&#8221; button_two_text_color__hover_enabled=&#8221;off&#8221; button_border_width__hover_enabled=&#8221;off&#8221; button_one_border_width__hover_enabled=&#8221;off&#8221; button_two_border_width__hover_enabled=&#8221;off&#8221; button_border_color__hover_enabled=&#8221;off&#8221; button_one_border_color__hover_enabled=&#8221;off&#8221; button_two_border_color__hover_enabled=&#8221;off&#8221; button_border_radius__hover_enabled=&#8221;off&#8221; button_one_border_radius__hover_enabled=&#8221;off&#8221; button_two_border_radius__hover_enabled=&#8221;off&#8221; button_letter_spacing__hover_enabled=&#8221;off&#8221; button_one_letter_spacing__hover_enabled=&#8221;off&#8221; button_two_letter_spacing__hover_enabled=&#8221;off&#8221; button_bg_color__hover_enabled=&#8221;off&#8221; button_one_bg_color__hover_enabled=&#8221;off&#8221; button_two_bg_color__hover_enabled=&#8221;off&#8221;][\/et_pb_contact_field][et_pb_contact_field field_id=&#8221;Message&#8221; field_title=&#8221;Mesaj&#8221; field_type=&#8221;text&#8221; fullwidth_field=&#8221;on&#8221; _builder_version=&#8221;4.16&#8243; global_colors_info=&#8221;{}&#8221; button_text_size__hover_enabled=&#8221;off&#8221; button_one_text_size__hover_enabled=&#8221;off&#8221; button_two_text_size__hover_enabled=&#8221;off&#8221; button_text_color__hover_enabled=&#8221;off&#8221; button_one_text_color__hover_enabled=&#8221;off&#8221; button_two_text_color__hover_enabled=&#8221;off&#8221; button_border_width__hover_enabled=&#8221;off&#8221; button_one_border_width__hover_enabled=&#8221;off&#8221; button_two_border_width__hover_enabled=&#8221;off&#8221; button_border_color__hover_enabled=&#8221;off&#8221; button_one_border_color__hover_enabled=&#8221;off&#8221; button_two_border_color__hover_enabled=&#8221;off&#8221; button_border_radius__hover_enabled=&#8221;off&#8221; button_one_border_radius__hover_enabled=&#8221;off&#8221; button_two_border_radius__hover_enabled=&#8221;off&#8221; button_letter_spacing__hover_enabled=&#8221;off&#8221; button_one_letter_spacing__hover_enabled=&#8221;off&#8221; button_two_letter_spacing__hover_enabled=&#8221;off&#8221; button_bg_color__hover_enabled=&#8221;off&#8221; button_one_bg_color__hover_enabled=&#8221;off&#8221; button_two_bg_color__hover_enabled=&#8221;off&#8221;][\/et_pb_contact_field][\/et_pb_contact_form][\/et_pb_column][et_pb_column type=&#8221;1_2&#8243; _builder_version=&#8221;4.25.1&#8243; _module_preset=&#8221;default&#8221; global_colors_info=&#8221;{}&#8221;][et_pb_heading title=&#8221;Y\u00fcz y\u00fcze seanslar i\u00e7in ofis&#8221; _builder_version=&#8221;4.27.4&#8243; _module_preset=&#8221;36dc44a7-7b63-4456-a620-000ecc864816&#8243; title_font=&#8221;&#8211;et_global_heading_font|700|||||||&#8221; custom_margin=&#8221;||0px||false|false&#8221; global_colors_info=&#8221;{}&#8221;][\/et_pb_heading][et_pb_text _builder_version=&#8221;4.27.4&#8243; _module_preset=&#8221;58ea3870-2ea6-4c85-b79f-ce2d09dbf6a4&#8243; global_colors_info=&#8221;{}&#8221;]<p><span>Berliner Allee 23<\/span><span><br><\/span><span>D-40212 D\u00fcsseldorf<br>Almanya<\/span><\/p>[\/et_pb_text][et_pb_heading title=&#8221;Telefon Numaras\u0131&#8221; _builder_version=&#8221;4.27.4&#8243; _module_preset=&#8221;36dc44a7-7b63-4456-a620-000ecc864816&#8243; title_font=&#8221;&#8211;et_global_heading_font|700|||||||&#8221; custom_margin=&#8221;||0px||false|false&#8221; global_colors_info=&#8221;{}&#8221;][\/et_pb_heading][et_pb_text _builder_version=&#8221;4.25.1&#8243; _module_preset=&#8221;58ea3870-2ea6-4c85-b79f-ce2d09dbf6a4&#8243; global_colors_info=&#8221;{}&#8221;](255) 352-6258[\/et_pb_text][et_pb_heading title=&#8221;E-posta&#8221; _builder_version=&#8221;4.27.4&#8243; _module_preset=&#8221;36dc44a7-7b63-4456-a620-000ecc864816&#8243; title_font=&#8221;&#8211;et_global_heading_font|700|||||||&#8221; custom_margin=&#8221;||0px||false|false&#8221; global_colors_info=&#8221;{}&#8221;][\/et_pb_heading][et_pb_text _builder_version=&#8221;4.27.4&#8243; _module_preset=&#8221;58ea3870-2ea6-4c85-b79f-ce2d09dbf6a4&#8243; link_text_color=&#8221;#666666&#8243; global_colors_info=&#8221;{%22gcid-bcc99e3b-722a-4dba-85e5-49c6d1592562%22:%91%22quote_border_color%22,%22quote_border_color%22,%22quote_border_color%22,%22quote_border_color%22,%22quote_border_color%22%93,%22gcid-fa3e187d-20a7-4c5a-962d-49a38117a4cc%22:%91%22quote_text_color%22,%22quote_text_color%22,%22quote_text_color%22,%22quote_text_color%22,%22quote_text_color%22%93}&#8221;]<a href=\"mailto:info@ozcancounselling.com\">info@ozcancounselling.com<\/a>[\/et_pb_text][\/et_pb_column][\/et_pb_row][\/et_pb_section]\n","protected":false},"excerpt":{"rendered":"<p>\n<!-- Legal document generated by Complianz | GDPR\/CCPA Cookie Consent https:\/\/wordpress.org\/plugins\/complianz-gdpr -->\n<div id=\"cmplz-document\" class=\"cmplz-document disclaimer cmplz-document-all\"><p>Dr Ozgul Ozcan, PsychD (UK), bu web sitesini g\u00fcncel ve do\u011fru tutmay\u0131 taahh\u00fct eder. Yine de yanl\u0131\u015f veya g\u00fcncel olmayan bir \u015feyle kar\u015f\u0131la\u015f\u0131rsan\u0131z, bize bildirirseniz memnun oluruz. L\u00fctfen web sitesinde bilgileri nerede okudu\u011funuzu belirtin. Daha sonra buna en k\u0131sa zamanda bakaca\u011f\u0131z. L\u00fctfen yan\u0131t\u0131n\u0131z\u0131 e-posta ile \u015fu adrese g\u00f6nderin: <span class=\"cmplz-obfuscate\">&#105;&#110;&#102;&#111;@<span class=\"cmplz-fmail-domain\">e&#120;&#046;com<\/span>ozca&#110;&#099;&#111;un&#115;&#101;&#108;&#108;ing&#046;&#099;o&#109;<\/span>.<\/p><p>Yanl\u0131\u015fl\u0131klar\u0131n veya eksikli\u011fin bir sonucu olarak kay\u0131ptan veya kesintiler veya kesintiler gibi bilgilerin internet yoluyla yay\u0131lmas\u0131ndan kaynaklanan veya bunun do\u011fas\u0131nda var olan sorunlardan kaynaklanan kay\u0131plardan sorumlu de\u011filiz. Web formlar\u0131n\u0131 kullan\u0131rken, gerekli alan say\u0131s\u0131n\u0131 en aza indirmeye \u00e7al\u0131\u015f\u0131yoruz. Dr Ozgul Ozcan, PsychD (UK) taraf\u0131ndan veya bu web sitesi arac\u0131l\u0131\u011f\u0131yla sa\u011flanan veri, \u00f6neri veya fikirlerin kullan\u0131m\u0131ndan kaynaklanan herhangi bir kay\u0131p i\u00e7in, Dr Ozgul Ozcan, PsychD (UK) herhangi bir sorumluluk kabul etmez.<\/p><p>E-postayla veya web formu kullanarak g\u00f6nderilen yan\u0131tlar ve gizlilik sorular\u0131, mektuplarla ayn\u0131 \u015fekilde ele al\u0131nacakt\u0131r. Bu, en ge\u00e7 1 ay i\u00e7inde bizden bir yan\u0131t bekledi\u011finiz anlam\u0131na gelir. Karma\u015f\u0131k talepler olmas\u0131 durumunda, en fazla 3 aya ihtiyac\u0131m\u0131z olursa 1 ay i\u00e7inde size bildirece\u011fiz.<\/p><p>Yan\u0131t\u0131n\u0131z veya bilgi talebiniz ba\u011flam\u0131nda bize sa\u011flad\u0131\u011f\u0131n\u0131z ki\u015fisel veriler yaln\u0131zca gizlilik bildirimimize uygun olarak kullan\u0131lacakt\u0131r.<\/p><p>sistemlerini her t\u00fcrl\u00fc yasa d\u0131\u015f\u0131 kullan\u0131ma kar\u015f\u0131 korumak i\u00e7in her t\u00fcrl\u00fc makul \u00e7abay\u0131 g\u00f6sterecektir. s bu ama\u00e7la, di\u011fer hususlar\u0131n yan\u0131 s\u0131ra teknolojinin geldi\u011fi noktay\u0131 da dikkate alarak, uygun teknik ve organizasyonel \u00f6nlemleri alacakt\u0131r. Ancak, sistemlerinin \u00fc\u00e7\u00fcnc\u00fc bir taraf\u00e7a yasad\u0131\u015f\u0131 kullan\u0131m\u0131 sonucunda web sitesinin bir kullan\u0131c\u0131s\u0131 taraf\u0131ndan u\u011fran\u0131lan do\u011frudan ve\/veya dolayl\u0131 herhangi bir zarardan sorumlu olmayacakt\u0131r.<\/p><p>Dr Ozgul Ozcan, PsychD (UK), hiperlink veya ba\u015fka bir referans\u0131n yap\u0131ld\u0131\u011f\u0131 veya g\u00f6nderildi\u011fi web sitelerinin i\u00e7eri\u011fi i\u00e7in hi\u00e7bir sorumluluk kabul etmez. \u00dc\u00e7\u00fcnc\u00fc taraflarca sunulan \u00fcr\u00fcn veya hizmetler, bu \u00fc\u00e7\u00fcnc\u00fc taraflar\u0131n ge\u00e7erli h\u00fck\u00fcm ve ko\u015fullar\u0131na tabidir.<\/p><p>Bu web sitesindeki i\u00e7eri\u011fe ili\u015fkin t\u00fcm fikri m\u00fclkiyet haklar\u0131 Dr Ozgul Ozcan, PsychD (UK)'ye veya i\u00e7eri\u011fi kendileri yerle\u015ftiren veya Dr Ozgul Ozcan, PsychD (UK)'nin kullan\u0131c\u0131 lisans\u0131 ald\u0131\u011f\u0131 \u00fc\u00e7\u00fcnc\u00fc taraflara aittir.<\/p><p>Bu materyallerin kopyalanmas\u0131na, yay\u0131lmas\u0131na ve ba\u015fka herhangi bir \u015fekilde kullan\u0131lmas\u0131na izin verilmez, ancak belirli i\u00e7erik aksini belirtmedik\u00e7e zorunlu yasa d\u00fczenlemelerinde (al\u0131nt\u0131 yapma hakk\u0131 gibi) aksi belirtilmedik\u00e7e ve Dr Ozgul Ozcan, PsychD (UK) yaz\u0131l\u0131 izni olmadan izin verilmez.<\/p><p>Web sitesinin eri\u015filebilirli\u011fi ile ilgili herhangi bir sorunuz veya sorununuz varsa, l\u00fctfen bizimle ileti\u015fime ge\u00e7mekten \u00e7ekinmeyin.<\/p><\/div>L\u00fctfen bana mesaj g\u00f6ndermek i\u00e7in ileti\u015fim formunu kullan\u0131n\u0131z, 48 saat i\u00e7inde e-postan\u0131za geri d\u00f6n\u00fc\u015f yapaca\u011f\u0131m. Berliner Allee 23D-40212 D\u00fcsseldorfAlmanya(255) 352-6258info@ozcancounselling.com<\/p>\n","protected":false},"author":1,"featured_media":0,"parent":0,"menu_order":10500,"comment_status":"closed","ping_status":"closed","template":"","meta":{"_et_pb_use_builder":"on","_et_pb_old_content":"","_et_gb_content_width":"","footnotes":""},"class_list":["post-432","page","type-page","status-publish","hentry"],"_links":{"self":[{"href":"https:\/\/www.ozcancounselling.com\/tr\/wp-json\/wp\/v2\/pages\/432","targetHints":{"allow":["GET"]}}],"collection":[{"href":"https:\/\/www.ozcancounselling.com\/tr\/wp-json\/wp\/v2\/pages"}],"about":[{"href":"https:\/\/www.ozcancounselling.com\/tr\/wp-json\/wp\/v2\/types\/page"}],"author":[{"embeddable":true,"href":"https:\/\/www.ozcancounselling.com\/tr\/wp-json\/wp\/v2\/users\/1"}],"replies":[{"embeddable":true,"href":"https:\/\/www.ozcancounselling.com\/tr\/wp-json\/wp\/v2\/comments?post=432"}],"version-history":[{"count":0,"href":"https:\/\/www.ozcancounselling.com\/tr\/wp-json\/wp\/v2\/pages\/432\/revisions"}],"wp:attachment":[{"href":"https:\/\/www.ozcancounselling.com\/tr\/wp-json\/wp\/v2\/media?parent=432"}],"curies":[{"name":"wp","href":"https:\/\/api.w.org\/{rel}","templated":true}]}}