{"id":434,"date":"2025-12-09T17:31:56","date_gmt":"2025-12-09T17:31:56","guid":{"rendered":"https:\/\/www.ozcancounselling.com\/kunye\/"},"modified":"2025-12-18T13:56:40","modified_gmt":"2025-12-18T13:56:40","slug":"kunye","status":"publish","type":"page","link":"https:\/\/www.ozcancounselling.com\/tr\/kunye\/","title":{"rendered":"K\u00fcnye"},"content":{"rendered":"\n[et_pb_section fb_built=&#8221;1&#8243; admin_label=&#8221;The Practice&#8221; module_id=&#8221;uygulama&#8221; _builder_version=&#8221;4.27.4&#8243; _module_preset=&#8221;default&#8221; background_color=&#8221;RGBA(255,255,255,0)&#8221; collapsed=&#8221;off&#8221; global_colors_info=&#8221;{}&#8221;][et_pb_row _builder_version=&#8221;4.27.4&#8243; _module_preset=&#8221;default&#8221; background_color=&#8221;#FFFFFF&#8221; custom_padding=&#8221;25px|25px|0px|25px|false|false&#8221; border_radii=&#8221;off|10px|10px||&#8221; global_colors_info=&#8221;{}&#8221;][et_pb_column type=&#8221;4_4&#8243; _builder_version=&#8221;4.25.1&#8243; _module_preset=&#8221;default&#8221; global_colors_info=&#8221;{}&#8221;][et_pb_heading title=&#8221;K\u00fcnye&#8221; _builder_version=&#8221;4.27.5&#8243; _module_preset=&#8221;dc594aa3-d3c0-49fb-a463-e8e08e98a12f&#8221; title_font=&#8221;&#8211;et_global_heading_font||||||||&#8221; title_text_align=&#8221;center&#8221; title_text_color=&#8221;gcid-fa3e187d-20a7-4c5a-962d-49a38117a4cc&#8221; hover_enabled=&#8221;0&#8243; global_colors_info=&#8221;{%22gcid-fa3e187d-20a7-4c5a-962d-49a38117a4cc%22:%91%22title_text_color%22%93}&#8221; sticky_enabled=&#8221;0&#8243;][\/et_pb_heading][\/et_pb_column][\/et_pb_row][et_pb_row _builder_version=&#8221;4.27.4&#8243; _module_preset=&#8221;default&#8221; background_color=&#8221;#FFFFFF&#8221; custom_padding=&#8221;0px|25px|25px|25px|false|false&#8221; global_colors_info=&#8221;{}&#8221;][et_pb_column type=&#8221;4_4&#8243; _builder_version=&#8221;4.25.1&#8243; _module_preset=&#8221;default&#8221; global_colors_info=&#8221;{}&#8221;][et_pb_text _builder_version=&#8221;4.27.5&#8243; _module_preset=&#8221;f7067886-788d-4bf2-bb55-94c6292930d2&#8243; header_3_font=&#8221;&#8211;et_global_body_font||||||||&#8221; header_3_font_size=&#8221;28px&#8221; header_3_line_height=&#8221;1.6em&#8221; hover_enabled=&#8221;0&#8243; global_colors_info=&#8221;{}&#8221; sticky_enabled=&#8221;0&#8243;]\n<!-- Legal document generated by Complianz | GDPR\/CCPA Cookie Consent https:\/\/wordpress.org\/plugins\/complianz-gdpr -->\n<div id=\"cmplz-document\" class=\"cmplz-document impressum cmplz-document-all\"><p><i>Bu bask\u0131 en son 12 Ocak 2026 tarihinde g\u00fcncellenmi\u015ftir.<\/i><\/p><p class=\"cmplz-subtitle\">Bu web sitesinin sahibi:<\/p><p>Dr Ozgul Ozcan, PsychD (UK) <br>Berliner Allee 23<br \/>\nD-40212 D\u00fcsseldorf<br>Almanya<br>E-posta:&nbsp;<span class=\"cmplz-obfuscate\">i&#110;f&#111;@<span class=\"cmplz-fmail-domain\">&#101;&#120;&#046;&#099;o&#109;<\/span>&#111;zc&#097;nc&#111;u&#110;&#115;&#101;&#108;&#108;i&#110;g.&#099;o&#109;<\/span><br>Telefon numaras\u0131: -<br><\/p><p class=\"cmplz-subtitle\">s %s&#039;nin yasal temsilci(leri):<\/p><p>Dr Ozgul Ozcan, PsychD (UK)<\/p><h2>1. Genel<\/h2><p>Bir t\u00fcketici hakem heyeti nezdinde uyu\u015fmazl\u0131k \u00e7\u00f6z\u00fcm prosed\u00fcrlerine kat\u0131lmaya istekli veya y\u00fck\u00fcml\u00fc de\u011filiz.<\/p><\/div>[\/et_pb_text][\/et_pb_column][\/et_pb_row][\/et_pb_section][et_pb_section fb_built=&#8221;1&#8243; admin_label=&#8221;Contact&#8221; module_id=&#8221;ileti\u015fim&#8221; _builder_version=&#8221;4.27.4&#8243; _module_preset=&#8221;default&#8221; background_color=&#8221;RGBA(255,255,255,0)&#8221; global_module=&#8221;180&#8243; saved_tabs=&#8221;all&#8221; collapsed=&#8221;off&#8221; global_colors_info=&#8221;{}&#8221;][et_pb_row column_structure=&#8221;1_2,1_2&#8243; _builder_version=&#8221;4.27.4&#8243; _module_preset=&#8221;default&#8221; background_color=&#8221;#FFFFFF&#8221; custom_padding=&#8221;25px|25px|25px|25px|false|false&#8221; border_radii=&#8221;on|10px|10px|10px|10px&#8221; global_colors_info=&#8221;{}&#8221;][et_pb_column type=&#8221;1_2&#8243; _builder_version=&#8221;4.25.1&#8243; _module_preset=&#8221;default&#8221; global_colors_info=&#8221;{}&#8221;][et_pb_heading title=&#8221;Dr. \u00d6zg\u00fcl \u00d6zcan, PsychD (UK)&#8221; _builder_version=&#8221;4.27.4&#8243; _module_preset=&#8221;dc594aa3-d3c0-49fb-a463-e8e08e98a12f&#8221; title_font=&#8221;&#8211;et_global_heading_font||||||||&#8221; title_font_size=&#8221;32px&#8221; global_colors_info=&#8221;{}&#8221;][\/et_pb_heading][et_pb_text _builder_version=&#8221;4.25.1&#8243; _module_preset=&#8221;58ea3870-2ea6-4c85-b79f-ce2d09dbf6a4&#8243; global_colors_info=&#8221;{}&#8221;]<p><span>L\u00fctfen bana mesaj g\u00f6ndermek i\u00e7in ileti\u015fim formunu kullan\u0131n\u0131z, 48 saat i\u00e7inde e-postan\u0131za geri d\u00f6n\u00fc\u015f yapaca\u011f\u0131m. <\/span><\/p>[\/et_pb_text][et_pb_heading title=&#8221;Benimle ileti\u015fime ge\u00e7in&#8221; _builder_version=&#8221;4.27.4&#8243; _module_preset=&#8221;e387f7d5-4a93-41ef-bbcc-3aca9f7903bd&#8221; title_font=&#8221;&#8211;et_global_heading_font|700||on|||||&#8221; title_text_color=&#8221;gcid-fa3e187d-20a7-4c5a-962d-49a38117a4cc&#8221; custom_padding=&#8221;||0px|||&#8221; locked=&#8221;off&#8221; global_colors_info=&#8221;{%22gcid-fa3e187d-20a7-4c5a-962d-49a38117a4cc%22:%91%22title_text_color%22%93}&#8221;][\/et_pb_heading][et_pb_contact_form _builder_version=&#8221;4.27.4&#8243; _module_preset=&#8221;default&#8221; _unique_id=&#8221;fe090c15-e066-4ff1-85d6-13089bf49bc3&#8243; custom_padding=&#8221;||0px|||&#8221; global_colors_info=&#8221;{}&#8221;][et_pb_contact_field field_id=&#8221;Name&#8221; field_title=&#8221;Ad&#8221; _builder_version=&#8221;4.16&#8243; global_colors_info=&#8221;{}&#8221; button_text_size__hover_enabled=&#8221;off&#8221; button_one_text_size__hover_enabled=&#8221;off&#8221; button_two_text_size__hover_enabled=&#8221;off&#8221; button_text_color__hover_enabled=&#8221;off&#8221; button_one_text_color__hover_enabled=&#8221;off&#8221; button_two_text_color__hover_enabled=&#8221;off&#8221; button_border_width__hover_enabled=&#8221;off&#8221; button_one_border_width__hover_enabled=&#8221;off&#8221; button_two_border_width__hover_enabled=&#8221;off&#8221; button_border_color__hover_enabled=&#8221;off&#8221; button_one_border_color__hover_enabled=&#8221;off&#8221; button_two_border_color__hover_enabled=&#8221;off&#8221; button_border_radius__hover_enabled=&#8221;off&#8221; button_one_border_radius__hover_enabled=&#8221;off&#8221; button_two_border_radius__hover_enabled=&#8221;off&#8221; button_letter_spacing__hover_enabled=&#8221;off&#8221; button_one_letter_spacing__hover_enabled=&#8221;off&#8221; button_two_letter_spacing__hover_enabled=&#8221;off&#8221; button_bg_color__hover_enabled=&#8221;off&#8221; button_one_bg_color__hover_enabled=&#8221;off&#8221; button_two_bg_color__hover_enabled=&#8221;off&#8221;][\/et_pb_contact_field][et_pb_contact_field field_id=&#8221;Email&#8221; field_title=&#8221;E-posta Adresi&#8221; field_type=&#8221;email&#8221; _builder_version=&#8221;4.16&#8243; global_colors_info=&#8221;{}&#8221; button_text_size__hover_enabled=&#8221;off&#8221; button_one_text_size__hover_enabled=&#8221;off&#8221; button_two_text_size__hover_enabled=&#8221;off&#8221; button_text_color__hover_enabled=&#8221;off&#8221; button_one_text_color__hover_enabled=&#8221;off&#8221; button_two_text_color__hover_enabled=&#8221;off&#8221; button_border_width__hover_enabled=&#8221;off&#8221; button_one_border_width__hover_enabled=&#8221;off&#8221; button_two_border_width__hover_enabled=&#8221;off&#8221; button_border_color__hover_enabled=&#8221;off&#8221; button_one_border_color__hover_enabled=&#8221;off&#8221; button_two_border_color__hover_enabled=&#8221;off&#8221; button_border_radius__hover_enabled=&#8221;off&#8221; button_one_border_radius__hover_enabled=&#8221;off&#8221; button_two_border_radius__hover_enabled=&#8221;off&#8221; button_letter_spacing__hover_enabled=&#8221;off&#8221; button_one_letter_spacing__hover_enabled=&#8221;off&#8221; button_two_letter_spacing__hover_enabled=&#8221;off&#8221; button_bg_color__hover_enabled=&#8221;off&#8221; button_one_bg_color__hover_enabled=&#8221;off&#8221; button_two_bg_color__hover_enabled=&#8221;off&#8221;][\/et_pb_contact_field][et_pb_contact_field field_id=&#8221;Message&#8221; field_title=&#8221;Mesaj&#8221; field_type=&#8221;text&#8221; fullwidth_field=&#8221;on&#8221; _builder_version=&#8221;4.16&#8243; global_colors_info=&#8221;{}&#8221; button_text_size__hover_enabled=&#8221;off&#8221; button_one_text_size__hover_enabled=&#8221;off&#8221; button_two_text_size__hover_enabled=&#8221;off&#8221; button_text_color__hover_enabled=&#8221;off&#8221; button_one_text_color__hover_enabled=&#8221;off&#8221; button_two_text_color__hover_enabled=&#8221;off&#8221; button_border_width__hover_enabled=&#8221;off&#8221; button_one_border_width__hover_enabled=&#8221;off&#8221; button_two_border_width__hover_enabled=&#8221;off&#8221; button_border_color__hover_enabled=&#8221;off&#8221; button_one_border_color__hover_enabled=&#8221;off&#8221; button_two_border_color__hover_enabled=&#8221;off&#8221; button_border_radius__hover_enabled=&#8221;off&#8221; button_one_border_radius__hover_enabled=&#8221;off&#8221; button_two_border_radius__hover_enabled=&#8221;off&#8221; button_letter_spacing__hover_enabled=&#8221;off&#8221; button_one_letter_spacing__hover_enabled=&#8221;off&#8221; button_two_letter_spacing__hover_enabled=&#8221;off&#8221; button_bg_color__hover_enabled=&#8221;off&#8221; button_one_bg_color__hover_enabled=&#8221;off&#8221; button_two_bg_color__hover_enabled=&#8221;off&#8221;][\/et_pb_contact_field][\/et_pb_contact_form][\/et_pb_column][et_pb_column type=&#8221;1_2&#8243; _builder_version=&#8221;4.25.1&#8243; _module_preset=&#8221;default&#8221; global_colors_info=&#8221;{}&#8221;][et_pb_heading title=&#8221;Y\u00fcz y\u00fcze seanslar i\u00e7in ofis&#8221; _builder_version=&#8221;4.27.4&#8243; _module_preset=&#8221;36dc44a7-7b63-4456-a620-000ecc864816&#8243; title_font=&#8221;&#8211;et_global_heading_font|700|||||||&#8221; custom_margin=&#8221;||0px||false|false&#8221; global_colors_info=&#8221;{}&#8221;][\/et_pb_heading][et_pb_text _builder_version=&#8221;4.27.4&#8243; _module_preset=&#8221;58ea3870-2ea6-4c85-b79f-ce2d09dbf6a4&#8243; global_colors_info=&#8221;{}&#8221;]<p><span>Berliner Allee 23<\/span><span><br><\/span><span>D-40212 D\u00fcsseldorf<br>Almanya<\/span><\/p>[\/et_pb_text][et_pb_heading title=&#8221;Telefon Numaras\u0131&#8221; _builder_version=&#8221;4.27.4&#8243; _module_preset=&#8221;36dc44a7-7b63-4456-a620-000ecc864816&#8243; title_font=&#8221;&#8211;et_global_heading_font|700|||||||&#8221; custom_margin=&#8221;||0px||false|false&#8221; global_colors_info=&#8221;{}&#8221;][\/et_pb_heading][et_pb_text _builder_version=&#8221;4.25.1&#8243; _module_preset=&#8221;58ea3870-2ea6-4c85-b79f-ce2d09dbf6a4&#8243; global_colors_info=&#8221;{}&#8221;](255) 352-6258[\/et_pb_text][et_pb_heading title=&#8221;E-posta&#8221; _builder_version=&#8221;4.27.4&#8243; _module_preset=&#8221;36dc44a7-7b63-4456-a620-000ecc864816&#8243; title_font=&#8221;&#8211;et_global_heading_font|700|||||||&#8221; custom_margin=&#8221;||0px||false|false&#8221; global_colors_info=&#8221;{}&#8221;][\/et_pb_heading][et_pb_text _builder_version=&#8221;4.27.4&#8243; _module_preset=&#8221;58ea3870-2ea6-4c85-b79f-ce2d09dbf6a4&#8243; link_text_color=&#8221;#666666&#8243; global_colors_info=&#8221;{%22gcid-bcc99e3b-722a-4dba-85e5-49c6d1592562%22:%91%22quote_border_color%22,%22quote_border_color%22,%22quote_border_color%22,%22quote_border_color%22,%22quote_border_color%22%93,%22gcid-fa3e187d-20a7-4c5a-962d-49a38117a4cc%22:%91%22quote_text_color%22,%22quote_text_color%22,%22quote_text_color%22,%22quote_text_color%22,%22quote_text_color%22%93}&#8221;]<a href=\"mailto:info@ozcancounselling.com\">info@ozcancounselling.com<\/a>[\/et_pb_text][\/et_pb_column][\/et_pb_row][\/et_pb_section]\n","protected":false},"excerpt":{"rendered":"<p>\n<!-- Legal document generated by Complianz | GDPR\/CCPA Cookie Consent https:\/\/wordpress.org\/plugins\/complianz-gdpr -->\n<div id=\"cmplz-document\" class=\"cmplz-document impressum cmplz-document-all\"><p><i>Bu bask\u0131 en son 12 Ocak 2026 tarihinde g\u00fcncellenmi\u015ftir.<\/i><\/p><p class=\"cmplz-subtitle\">Bu web sitesinin sahibi:<\/p><p>Dr Ozgul Ozcan, PsychD (UK) <br>Berliner Allee 23<br \/>\nD-40212 D\u00fcsseldorf<br>Almanya<br>E-posta:&nbsp;<span class=\"cmplz-obfuscate\">in&#102;o@<span class=\"cmplz-fmail-domain\">e&#120;&#046;&#099;o&#109;<\/span>o&#122;&#099;&#097;&#110;co&#117;n&#115;&#101;lling.c&#111;m<\/span><br>Telefon numaras\u0131: -<br><\/p><p class=\"cmplz-subtitle\">s %s&#039;nin yasal temsilci(leri):<\/p><p>Dr Ozgul Ozcan, PsychD (UK)<\/p><h2>1. Genel<\/h2><p>Bir t\u00fcketici hakem heyeti nezdinde uyu\u015fmazl\u0131k \u00e7\u00f6z\u00fcm prosed\u00fcrlerine kat\u0131lmaya istekli veya y\u00fck\u00fcml\u00fc de\u011filiz.<\/p><\/div>L\u00fctfen bana mesaj g\u00f6ndermek i\u00e7in ileti\u015fim formunu kullan\u0131n\u0131z, 48 saat i\u00e7inde e-postan\u0131za geri d\u00f6n\u00fc\u015f yapaca\u011f\u0131m. Berliner Allee 23D-40212 D\u00fcsseldorfAlmanya(255) 352-6258info@ozcancounselling.com<\/p>\n","protected":false},"author":1,"featured_media":0,"parent":0,"menu_order":10400,"comment_status":"closed","ping_status":"closed","template":"","meta":{"_et_pb_use_builder":"on","_et_pb_old_content":"","_et_gb_content_width":"","footnotes":""},"class_list":["post-434","page","type-page","status-publish","hentry"],"_links":{"self":[{"href":"https:\/\/www.ozcancounselling.com\/tr\/wp-json\/wp\/v2\/pages\/434","targetHints":{"allow":["GET"]}}],"collection":[{"href":"https:\/\/www.ozcancounselling.com\/tr\/wp-json\/wp\/v2\/pages"}],"about":[{"href":"https:\/\/www.ozcancounselling.com\/tr\/wp-json\/wp\/v2\/types\/page"}],"author":[{"embeddable":true,"href":"https:\/\/www.ozcancounselling.com\/tr\/wp-json\/wp\/v2\/users\/1"}],"replies":[{"embeddable":true,"href":"https:\/\/www.ozcancounselling.com\/tr\/wp-json\/wp\/v2\/comments?post=434"}],"version-history":[{"count":0,"href":"https:\/\/www.ozcancounselling.com\/tr\/wp-json\/wp\/v2\/pages\/434\/revisions"}],"wp:attachment":[{"href":"https:\/\/www.ozcancounselling.com\/tr\/wp-json\/wp\/v2\/media?parent=434"}],"curies":[{"name":"wp","href":"https:\/\/api.w.org\/{rel}","templated":true}]}}